{"id":24,"date":"2021-07-20T16:09:45","date_gmt":"2021-07-20T14:09:45","guid":{"rendered":"http:\/\/lucie.rain-avocat.com\/?page_id=24"},"modified":"2024-09-27T17:37:54","modified_gmt":"2024-09-27T15:37:54","slug":"droit-de-la-famille","status":"publish","type":"page","link":"https:\/\/lucie.rain-avocat.com\/index.php\/droit-de-la-famille\/","title":{"rendered":"Droit de la famille"},"content":{"rendered":"<p>[et_pb_section fb_built=\u00a0\u00bb1&Prime; fullwidth=\u00a0\u00bbon\u00a0\u00bb next_background_color=\u00a0\u00bb#ffffff\u00a0\u00bb _builder_version=\u00a0\u00bb4.9.3&Prime; _module_preset=\u00a0\u00bbdefault\u00a0\u00bb use_background_color_gradient=\u00a0\u00bbon\u00a0\u00bb background_color_gradient_start=\u00a0\u00bb#36005a\u00a0\u00bb background_color_gradient_end=\u00a0\u00bbrgba(54,0,90,0.5)\u00a0\u00bb background_color_gradient_direction=\u00a0\u00bb156deg\u00a0\u00bb background_color_gradient_start_position=\u00a0\u00bb29%\u00a0\u00bb background_color_gradient_overlays_image=\u00a0\u00bbon\u00a0\u00bb background_image=\u00a0\u00bbhttp:\/\/lucie.rain-avocat.com\/wp-content\/uploads\/2021\/07\/Marteau-Justice-1.jpg\u00a0\u00bb min_height=\u00a0\u00bb87vh\u00a0\u00bb custom_padding=\u00a0\u00bb||0px|||\u00a0\u00bb bottom_divider_style=\u00a0\u00bbslant\u00a0\u00bb bottom_divider_height=\u00a0\u00bb42px\u00a0\u00bb][et_pb_fullwidth_header title=\u00a0\u00bbDroit de la famille\u00a0\u00bb button_one_text=\u00a0\u00bbPrendre un rdv t\u00e9l\u00e9phonique\u00a0\u00bb button_one_url=\u00a0\u00bbhttps:\/\/calendly.com\/lucie-rain-avocate\/15min\u00a0\u00bb _builder_version=\u00a0\u00bb4.9.7&Prime; _module_preset=\u00a0\u00bbdefault\u00a0\u00bb title_level=\u00a0\u00bbh2&Prime; title_font=\u00a0\u00bbPoppins|600|||||||\u00a0\u00bb title_text_color=\u00a0\u00bb#ffb600&Prime; title_font_size=\u00a0\u00bb55px\u00a0\u00bb content_font=\u00a0\u00bbPoppins|300|||||||\u00a0\u00bb content_font_size=\u00a0\u00bb20px\u00a0\u00bb content_line_height=\u00a0\u00bb4.3em\u00a0\u00bb subhead_font=\u00a0\u00bbPoppins||||||||\u00a0\u00bb subhead_text_color=\u00a0\u00bb#ecb011&Prime; subhead_font_size=\u00a0\u00bb31px\u00a0\u00bb background_enable_color=\u00a0\u00bboff\u00a0\u00bb background_color_gradient_direction=\u00a0\u00bb98deg\u00a0\u00bb background_enable_image=\u00a0\u00bboff\u00a0\u00bb custom_button_one=\u00a0\u00bbon\u00a0\u00bb button_one_text_size=\u00a0\u00bb15px\u00a0\u00bb button_one_bg_color=\u00a0\u00bbrgba(183,183,183,0)\u00a0\u00bb button_one_border_width=\u00a0\u00bb4px\u00a0\u00bb button_one_border_color=\u00a0\u00bb#ffb600&Prime; button_one_border_radius=\u00a0\u00bb7px\u00a0\u00bb button_one_font=\u00a0\u00bbPoppins||||||||\u00a0\u00bb button_one_custom_margin=\u00a0\u00bb0px||||false|false\u00a0\u00bb button_one_custom_margin_tablet=\u00a0\u00bb\u00a0\u00bb button_one_custom_margin_phone=\u00a0\u00bb14px||||false|false\u00a0\u00bb button_one_custom_margin_last_edited=\u00a0\u00bbon|phone\u00a0\u00bb button_one_custom_padding=\u00a0\u00bb10px||10px||true|true\u00a0\u00bb min_height=\u00a0\u00bb60vh\u00a0\u00bb custom_margin=\u00a0\u00bb||||false|false\u00a0\u00bb custom_padding=\u00a0\u00bb100px||0px||false|false\u00a0\u00bb hover_enabled=\u00a0\u00bb0&Prime; content_line_height_tablet=\u00a0\u00bb\u00a0\u00bb content_line_height_phone=\u00a0\u00bb2em\u00a0\u00bb content_line_height_last_edited=\u00a0\u00bbon|phone\u00a0\u00bb box_shadow_style_button_one=\u00a0\u00bbpreset2&Prime; sticky_enabled=\u00a0\u00bb0&Prime;]<\/p>\n<p><strong>Disponible<\/strong>, <strong>dynamique<\/strong>, <strong>r\u00e9active<\/strong> et <strong>\u00e0 l\u2019\u00e9coute<\/strong> des besoins de ses client\u00b7e\u00b7s<\/p>\n<p>[\/et_pb_fullwidth_header][\/et_pb_section][et_pb_section fb_built=\u00a0\u00bb1&Prime; _builder_version=\u00a0\u00bb4.9.3&Prime; _module_preset=\u00a0\u00bbdefault\u00a0\u00bb custom_padding=\u00a0\u00bb4px|||||\u00a0\u00bb][et_pb_row _builder_version=\u00a0\u00bb4.9.3&Prime; _module_preset=\u00a0\u00bbdefault\u00a0\u00bb custom_margin=\u00a0\u00bb38px|auto||auto||\u00a0\u00bb scroll_fade_enable=\u00a0\u00bbon\u00a0\u00bb][et_pb_column type=\u00a0\u00bb4_4&Prime; _builder_version=\u00a0\u00bb4.9.3&Prime; _module_preset=\u00a0\u00bbdefault\u00a0\u00bb][et_pb_text _builder_version=\u00a0\u00bb4.9.3&Prime; _module_preset=\u00a0\u00bbdefault\u00a0\u00bb text_font=\u00a0\u00bbPoppins||on||||||\u00a0\u00bb text_font_size=\u00a0\u00bb17px\u00a0\u00bb text_letter_spacing=\u00a0\u00bb1px\u00a0\u00bb text_orientation=\u00a0\u00bbcenter\u00a0\u00bb]<\/p>\n<p>Lucie RAIN est comp\u00e9tente dans des domaines vari\u00e9s en droit de la famille et accompagne ses clients tout au long de la proc\u00e9dure judiciaire.<\/p>\n<p>[\/et_pb_text][et_pb_divider color=\u00a0\u00bb#FFB600&Prime; _builder_version=\u00a0\u00bb4.9.3&Prime; _module_preset=\u00a0\u00bbdefault\u00a0\u00bb width=\u00a0\u00bb36%\u00a0\u00bb module_alignment=\u00a0\u00bbcenter\u00a0\u00bb][\/et_pb_divider][\/et_pb_column][\/et_pb_row][\/et_pb_section][et_pb_section fb_built=\u00a0\u00bb1&Prime; admin_label=\u00a0\u00bbQuote Section\u00a0\u00bb _builder_version=\u00a0\u00bb4.9.3&Prime; background_enable_color=\u00a0\u00bboff\u00a0\u00bb custom_padding=\u00a0\u00bb20px|0px|58px|0px||\u00a0\u00bb top_divider_height=\u00a0\u00bb42px\u00a0\u00bb border_color_all=\u00a0\u00bbrgba(255,186,96,0.6)\u00a0\u00bb border_width_right=\u00a0\u00bb0vw\u00a0\u00bb border_color_right=\u00a0\u00bb#ecb011&Prime;][et_pb_row column_structure=\u00a0\u00bb3_5,2_5&Prime; admin_label=\u00a0\u00bbQuote Area\u00a0\u00bb _builder_version=\u00a0\u00bb3.25&Prime; animation_style=\u00a0\u00bbslide\u00a0\u00bb animation_direction=\u00a0\u00bbright\u00a0\u00bb animation_intensity_slide=\u00a0\u00bb2%\u00a0\u00bb][et_pb_column type=\u00a0\u00bb3_5&Prime; _builder_version=\u00a0\u00bb3.25&Prime; custom_padding=\u00a0\u00bb|||\u00a0\u00bb custom_padding__hover=\u00a0\u00bb|||\u00a0\u00bb][et_pb_text _builder_version=\u00a0\u00bb4.9.3&Prime; text_font=\u00a0\u00bbPoppins|300|||||||\u00a0\u00bb text_text_color=\u00a0\u00bb#36005a\u00a0\u00bb text_font_size=\u00a0\u00bb18px\u00a0\u00bb text_letter_spacing=\u00a0\u00bb1px\u00a0\u00bb header_font=\u00a0\u00bb||||||||\u00a0\u00bb max_width=\u00a0\u00bb700px\u00a0\u00bb module_alignment=\u00a0\u00bbcenter\u00a0\u00bb custom_margin=\u00a0\u00bb|||\u00a0\u00bb custom_padding=\u00a0\u00bb|||30px\u00a0\u00bb animation_style=\u00a0\u00bbflip\u00a0\u00bb animation_intensity_flip=\u00a0\u00bb5%\u00a0\u00bb animation_starting_opacity=\u00a0\u00bb100%\u00a0\u00bb border_color_all=\u00a0\u00bb#313e47&Prime; border_width_left=\u00a0\u00bb10px\u00a0\u00bb border_color_left=\u00a0\u00bb#ECB011&Prime;]<\/p>\n<ul>\n<li>La s\u00e9paration du couple mari\u00e9 et non mari\u00e9 : divorce, rupture de PACS et s\u00e9paration entre concubins<\/li>\n<\/ul>\n<p>&nbsp;<\/p>\n<ul>\n<li>L\u2019organisation de la vie des enfants : autorit\u00e9 parentale, fixation de la r\u00e9sidence et d\u2019un droit de visite et d\u2019h\u00e9bergement, versement d\u2019une pension alimentaire<\/li>\n<\/ul>\n<p>&nbsp;<\/p>\n<ul>\n<li>La filiation et l\u2019\u00e9tat civil : proc\u00e9dures d\u2019adoption, changement de nom ou de pr\u00e9nom<\/li>\n<\/ul>\n<p>&nbsp;<\/p>\n<ul>\n<li>Les majeurs vuln\u00e9rables : le mandat de protection future, la sauvegarde de justice, l\u2019habilitation familiale, la curatelle, la tutelle\u2026<\/li>\n<\/ul>\n<p>&nbsp;<\/p>\n<ul>\n<li>Le droit p\u00e9nal de la famille : les violences intrafamiliales (physiques, sexuelles, psychologiques et \u00e9conomiques), le harc\u00e8lement, les menaces, la non repr\u00e9sentation d\u2019enfant (ne pas remettre l\u2019enfant \u00e0 celui qui est en droit de le r\u00e9clamer), l\u2019abandon de famille (non-paiement des pensions alimentaires)\u2026<\/li>\n<\/ul>\n<p>[\/et_pb_text][et_pb_text admin_label=\u00a0\u00bbAuthor Name\u00a0\u00bb _builder_version=\u00a0\u00bb4.9.3&Prime; text_font=\u00a0\u00bbPoppins|600||on|||||\u00a0\u00bb text_text_color=\u00a0\u00bb#ECB011&Prime; text_font_size=\u00a0\u00bb20px\u00a0\u00bb text_letter_spacing=\u00a0\u00bb4px\u00a0\u00bb header_font=\u00a0\u00bb||||||||\u00a0\u00bb header_4_font=\u00a0\u00bb||||||||\u00a0\u00bb max_width=\u00a0\u00bb700px\u00a0\u00bb module_alignment=\u00a0\u00bbcenter\u00a0\u00bb animation_style=\u00a0\u00bbslide\u00a0\u00bb animation_direction=\u00a0\u00bbbottom\u00a0\u00bb animation_intensity_slide=\u00a0\u00bb10%\u00a0\u00bb animation_starting_opacity=\u00a0\u00bb100%\u00a0\u00bb]<\/p>\n<p>&#8211; Lucie Rain<\/p>\n<p>[\/et_pb_text][\/et_pb_column][et_pb_column type=\u00a0\u00bb2_5&Prime; _builder_version=\u00a0\u00bb3.25&Prime; custom_padding=\u00a0\u00bb|||\u00a0\u00bb custom_padding__hover=\u00a0\u00bb|||\u00a0\u00bb][et_pb_image src=\u00a0\u00bbhttp:\/\/lucie.rain-avocat.com\/wp-content\/uploads\/2021\/07\/Femme-justice-1.jpg\u00a0\u00bb alt=\u00a0\u00bbLucie Rain\u00a0\u00bb title_text=\u00a0\u00bbFemme justice\u00a0\u00bb _builder_version=\u00a0\u00bb4.9.3&Prime; _module_preset=\u00a0\u00bbdefault\u00a0\u00bb][\/et_pb_image][\/et_pb_column][\/et_pb_row][\/et_pb_section][et_pb_section fb_built=\u00a0\u00bb1&Prime; prev_background_color=\u00a0\u00bb#ffffff\u00a0\u00bb admin_label=\u00a0\u00bbRequest Appoinment Section\u00a0\u00bb _builder_version=\u00a0\u00bb4.9.3&Prime; use_background_color_gradient=\u00a0\u00bbon\u00a0\u00bb background_color_gradient_start=\u00a0\u00bb#ffb600&Prime; background_color_gradient_end=\u00a0\u00bbrgba(255,182,0,0.64)\u00a0\u00bb background_color_gradient_overlays_image=\u00a0\u00bbon\u00a0\u00bb background_image=\u00a0\u00bbhttp:\/\/lucie.rain-avocat.com\/wp-content\/uploads\/2021\/07\/Femme-justice-1.jpg\u00a0\u00bb custom_padding=\u00a0\u00bb163px||0px|||\u00a0\u00bb top_divider_style=\u00a0\u00bbslant\u00a0\u00bb top_divider_height=\u00a0\u00bb42px\u00a0\u00bb][et_pb_row column_structure=\u00a0\u00bb1_2,1_2&Prime; make_equal=\u00a0\u00bbon\u00a0\u00bb _builder_version=\u00a0\u00bb4.9.3&Prime; _module_preset=\u00a0\u00bbdefault\u00a0\u00bb custom_padding=\u00a0\u00bb||93px|||\u00a0\u00bb][et_pb_column type=\u00a0\u00bb1_2&Prime; _builder_version=\u00a0\u00bb4.9.3&Prime; _module_preset=\u00a0\u00bbdefault\u00a0\u00bb][et_pb_image src=\u00a0\u00bbhttp:\/\/lucie.rain-avocat.com\/wp-content\/uploads\/2021\/07\/Lucie-Rain-avocate.png\u00a0\u00bb title_text=\u00a0\u00bbLucie Rain avocate\u00a0\u00bb _builder_version=\u00a0\u00bb4.9.3&Prime; _module_preset=\u00a0\u00bbdefault\u00a0\u00bb width=\u00a0\u00bb46%\u00a0\u00bb module_alignment=\u00a0\u00bbcenter\u00a0\u00bb animation_style=\u00a0\u00bbslide\u00a0\u00bb animation_direction=\u00a0\u00bbleft\u00a0\u00bb][\/et_pb_image][\/et_pb_column][et_pb_column type=\u00a0\u00bb1_2&Prime; _builder_version=\u00a0\u00bb4.9.3&Prime; _module_preset=\u00a0\u00bbdefault\u00a0\u00bb][et_pb_button button_url=\u00a0\u00bbhttps:\/\/calendly.com\/lucie-rain-avocate\/15min\u00a0\u00bb button_text=\u00a0\u00bbPrendre rendez-vous\u00a0\u00bb button_alignment=\u00a0\u00bbcenter\u00a0\u00bb _builder_version=\u00a0\u00bb4.9.3&Prime; _module_preset=\u00a0\u00bbdefault\u00a0\u00bb custom_button=\u00a0\u00bbon\u00a0\u00bb button_text_size=\u00a0\u00bb20px\u00a0\u00bb button_text_color=\u00a0\u00bb#FFFFFF\u00a0\u00bb button_bg_color=\u00a0\u00bb#36005A\u00a0\u00bb button_border_width=\u00a0\u00bb2px\u00a0\u00bb button_border_color=\u00a0\u00bb#ECB011&Prime; button_border_radius=\u00a0\u00bb6px\u00a0\u00bb button_font=\u00a0\u00bbPoppins||||||||\u00a0\u00bb custom_margin=\u00a0\u00bb21px|||||\u00a0\u00bb animation_style=\u00a0\u00bbslide\u00a0\u00bb animation_direction=\u00a0\u00bbright\u00a0\u00bb box_shadow_style=\u00a0\u00bbpreset3&Prime;][\/et_pb_button][\/et_pb_column][\/et_pb_row][\/et_pb_section]<\/p>\n","protected":false},"excerpt":{"rendered":"<p>[et_pb_section fb_built=\u00a0\u00bb1&Prime; fullwidth=\u00a0\u00bbon\u00a0\u00bb next_background_color=\u00a0\u00bb#ffffff\u00a0\u00bb _builder_version=\u00a0\u00bb4.9.3&Prime; _module_preset=\u00a0\u00bbdefault\u00a0\u00bb use_background_color_gradient=\u00a0\u00bbon\u00a0\u00bb background_color_gradient_start=\u00a0\u00bb#36005a\u00a0\u00bb background_color_gradient_end=\u00a0\u00bbrgba(54,0,90,0.5)\u00a0\u00bb background_color_gradient_direction=\u00a0\u00bb156deg\u00a0\u00bb background_color_gradient_start_position=\u00a0\u00bb29%\u00a0\u00bb background_color_gradient_overlays_image=\u00a0\u00bbon\u00a0\u00bb background_image=\u00a0\u00bbhttp:\/\/lucie.rain-avocat.com\/wp-content\/uploads\/2021\/07\/Marteau-Justice-1.jpg\u00a0\u00bb min_height=\u00a0\u00bb87vh\u00a0\u00bb custom_padding=\u00a0\u00bb||0px|||\u00a0\u00bb bottom_divider_style=\u00a0\u00bbslant\u00a0\u00bb bottom_divider_height=\u00a0\u00bb42px\u00a0\u00bb][et_pb_fullwidth_header title=\u00a0\u00bbDroit de la famille\u00a0\u00bb button_one_text=\u00a0\u00bbPrendre un rdv t\u00e9l\u00e9phonique\u00a0\u00bb button_one_url=\u00a0\u00bbhttps:\/\/calendly.com\/lucie-rain-avocate\/15min\u00a0\u00bb _builder_version=\u00a0\u00bb4.9.7&Prime; _module_preset=\u00a0\u00bbdefault\u00a0\u00bb title_level=\u00a0\u00bbh2&Prime; title_font=\u00a0\u00bbPoppins|600|||||||\u00a0\u00bb title_text_color=\u00a0\u00bb#ffb600&Prime; title_font_size=\u00a0\u00bb55px\u00a0\u00bb content_font=\u00a0\u00bbPoppins|300|||||||\u00a0\u00bb content_font_size=\u00a0\u00bb20px\u00a0\u00bb content_line_height=\u00a0\u00bb4.3em\u00a0\u00bb subhead_font=\u00a0\u00bbPoppins||||||||\u00a0\u00bb subhead_text_color=\u00a0\u00bb#ecb011&Prime; subhead_font_size=\u00a0\u00bb31px\u00a0\u00bb background_enable_color=\u00a0\u00bboff\u00a0\u00bb background_color_gradient_direction=\u00a0\u00bb98deg\u00a0\u00bb background_enable_image=\u00a0\u00bboff\u00a0\u00bb custom_button_one=\u00a0\u00bbon\u00a0\u00bb button_one_text_size=\u00a0\u00bb15px\u00a0\u00bb button_one_bg_color=\u00a0\u00bbrgba(183,183,183,0)\u00a0\u00bb button_one_border_width=\u00a0\u00bb4px\u00a0\u00bb button_one_border_color=\u00a0\u00bb#ffb600&Prime; button_one_border_radius=\u00a0\u00bb7px\u00a0\u00bb button_one_font=\u00a0\u00bbPoppins||||||||\u00a0\u00bb button_one_custom_margin=\u00a0\u00bb0px||||false|false\u00a0\u00bb button_one_custom_margin_tablet=\u00a0\u00bb\u00a0\u00bb button_one_custom_margin_phone=\u00a0\u00bb14px||||false|false\u00a0\u00bb button_one_custom_margin_last_edited=\u00a0\u00bbon|phone\u00a0\u00bb button_one_custom_padding=\u00a0\u00bb10px||10px||true|true\u00a0\u00bb min_height=\u00a0\u00bb60vh\u00a0\u00bb custom_margin=\u00a0\u00bb||||false|false\u00a0\u00bb [&hellip;]<\/p>\n","protected":false},"author":1,"featured_media":0,"parent":0,"menu_order":0,"comment_status":"closed","ping_status":"closed","template":"","meta":{"_et_pb_use_builder":"on","_et_pb_old_content":"","_et_gb_content_width":""},"yoast_head":"<!-- This site is optimized with the Yoast SEO plugin v17.0 - https:\/\/yoast.com\/wordpress\/plugins\/seo\/ -->\n<title>Droit de la famille - Lucie Rain Avocate<\/title>\n<meta name=\"description\" content=\"Lucie Rain, avocate, vous assiste dans votre divorce ou dans toutes autres proc\u00e9dures devant le juge aux affaires familiales.\" \/>\n<meta name=\"robots\" content=\"index, follow, max-snippet:-1, max-image-preview:large, max-video-preview:-1\" \/>\n<link rel=\"canonical\" href=\"https:\/\/lucie.rain-avocat.com\/index.php\/droit-de-la-famille\/\" \/>\n<meta property=\"og:locale\" content=\"fr_FR\" \/>\n<meta property=\"og:type\" content=\"article\" \/>\n<meta property=\"og:title\" content=\"Droit de la famille - Lucie Rain Avocate\" \/>\n<meta property=\"og:description\" content=\"Lucie Rain, avocate, vous assiste dans votre divorce ou dans toutes autres proc\u00e9dures devant le juge aux affaires familiales.\" \/>\n<meta property=\"og:url\" content=\"https:\/\/lucie.rain-avocat.com\/index.php\/droit-de-la-famille\/\" \/>\n<meta property=\"og:site_name\" content=\"Lucie Rain Avocate\" \/>\n<meta property=\"article:modified_time\" content=\"2024-09-27T15:37:54+00:00\" \/>\n<meta name=\"twitter:card\" content=\"summary_large_image\" \/>\n<meta name=\"twitter:label1\" content=\"Dur\u00e9e de lecture est.\" \/>\n\t<meta name=\"twitter:data1\" content=\"2 minutes\" \/>\n<script type=\"application\/ld+json\" class=\"yoast-schema-graph\">{\"@context\":\"https:\/\/schema.org\",\"@graph\":[{\"@type\":\"WebSite\",\"@id\":\"https:\/\/lucie.rain-avocat.com\/#website\",\"url\":\"https:\/\/lucie.rain-avocat.com\/\",\"name\":\"Lucie Rain Avocate\",\"description\":\"Au barreau de Paris\",\"potentialAction\":[{\"@type\":\"SearchAction\",\"target\":{\"@type\":\"EntryPoint\",\"urlTemplate\":\"https:\/\/lucie.rain-avocat.com\/?s={search_term_string}\"},\"query-input\":\"required name=search_term_string\"}],\"inLanguage\":\"fr-FR\"},{\"@type\":\"WebPage\",\"@id\":\"https:\/\/lucie.rain-avocat.com\/index.php\/droit-de-la-famille\/#webpage\",\"url\":\"https:\/\/lucie.rain-avocat.com\/index.php\/droit-de-la-famille\/\",\"name\":\"Droit de la famille - Lucie Rain Avocate\",\"isPartOf\":{\"@id\":\"https:\/\/lucie.rain-avocat.com\/#website\"},\"datePublished\":\"2021-07-20T14:09:45+00:00\",\"dateModified\":\"2024-09-27T15:37:54+00:00\",\"description\":\"Lucie Rain, avocate, vous assiste dans votre divorce ou dans toutes autres proc\\u00e9dures devant le juge aux affaires familiales.\",\"breadcrumb\":{\"@id\":\"https:\/\/lucie.rain-avocat.com\/index.php\/droit-de-la-famille\/#breadcrumb\"},\"inLanguage\":\"fr-FR\",\"potentialAction\":[{\"@type\":\"ReadAction\",\"target\":[\"https:\/\/lucie.rain-avocat.com\/index.php\/droit-de-la-famille\/\"]}]},{\"@type\":\"BreadcrumbList\",\"@id\":\"https:\/\/lucie.rain-avocat.com\/index.php\/droit-de-la-famille\/#breadcrumb\",\"itemListElement\":[{\"@type\":\"ListItem\",\"position\":1,\"name\":\"Accueil\",\"item\":\"https:\/\/lucie.rain-avocat.com\/\"},{\"@type\":\"ListItem\",\"position\":2,\"name\":\"Droit de la famille\"}]}]}<\/script>\n<!-- \/ Yoast SEO plugin. -->","yoast_head_json":{"title":"Droit de la famille - Lucie Rain Avocate","description":"Lucie Rain, avocate, vous assiste dans votre divorce ou dans toutes autres proc\u00e9dures devant le juge aux affaires familiales.","robots":{"index":"index","follow":"follow","max-snippet":"max-snippet:-1","max-image-preview":"max-image-preview:large","max-video-preview":"max-video-preview:-1"},"canonical":"https:\/\/lucie.rain-avocat.com\/index.php\/droit-de-la-famille\/","og_locale":"fr_FR","og_type":"article","og_title":"Droit de la famille - Lucie Rain Avocate","og_description":"Lucie Rain, avocate, vous assiste dans votre divorce ou dans toutes autres proc\u00e9dures devant le juge aux affaires familiales.","og_url":"https:\/\/lucie.rain-avocat.com\/index.php\/droit-de-la-famille\/","og_site_name":"Lucie Rain Avocate","article_modified_time":"2024-09-27T15:37:54+00:00","twitter_card":"summary_large_image","twitter_misc":{"Dur\u00e9e de lecture est.":"2 minutes"},"schema":{"@context":"https:\/\/schema.org","@graph":[{"@type":"WebSite","@id":"https:\/\/lucie.rain-avocat.com\/#website","url":"https:\/\/lucie.rain-avocat.com\/","name":"Lucie Rain Avocate","description":"Au barreau de Paris","potentialAction":[{"@type":"SearchAction","target":{"@type":"EntryPoint","urlTemplate":"https:\/\/lucie.rain-avocat.com\/?s={search_term_string}"},"query-input":"required name=search_term_string"}],"inLanguage":"fr-FR"},{"@type":"WebPage","@id":"https:\/\/lucie.rain-avocat.com\/index.php\/droit-de-la-famille\/#webpage","url":"https:\/\/lucie.rain-avocat.com\/index.php\/droit-de-la-famille\/","name":"Droit de la famille - Lucie Rain Avocate","isPartOf":{"@id":"https:\/\/lucie.rain-avocat.com\/#website"},"datePublished":"2021-07-20T14:09:45+00:00","dateModified":"2024-09-27T15:37:54+00:00","description":"Lucie Rain, avocate, vous assiste dans votre divorce ou dans toutes autres proc\u00e9dures devant le juge aux affaires familiales.","breadcrumb":{"@id":"https:\/\/lucie.rain-avocat.com\/index.php\/droit-de-la-famille\/#breadcrumb"},"inLanguage":"fr-FR","potentialAction":[{"@type":"ReadAction","target":["https:\/\/lucie.rain-avocat.com\/index.php\/droit-de-la-famille\/"]}]},{"@type":"BreadcrumbList","@id":"https:\/\/lucie.rain-avocat.com\/index.php\/droit-de-la-famille\/#breadcrumb","itemListElement":[{"@type":"ListItem","position":1,"name":"Accueil","item":"https:\/\/lucie.rain-avocat.com\/"},{"@type":"ListItem","position":2,"name":"Droit de la famille"}]}]}},"_links":{"self":[{"href":"https:\/\/lucie.rain-avocat.com\/index.php\/wp-json\/wp\/v2\/pages\/24"}],"collection":[{"href":"https:\/\/lucie.rain-avocat.com\/index.php\/wp-json\/wp\/v2\/pages"}],"about":[{"href":"https:\/\/lucie.rain-avocat.com\/index.php\/wp-json\/wp\/v2\/types\/page"}],"author":[{"embeddable":true,"href":"https:\/\/lucie.rain-avocat.com\/index.php\/wp-json\/wp\/v2\/users\/1"}],"replies":[{"embeddable":true,"href":"https:\/\/lucie.rain-avocat.com\/index.php\/wp-json\/wp\/v2\/comments?post=24"}],"version-history":[{"count":8,"href":"https:\/\/lucie.rain-avocat.com\/index.php\/wp-json\/wp\/v2\/pages\/24\/revisions"}],"predecessor-version":[{"id":175,"href":"https:\/\/lucie.rain-avocat.com\/index.php\/wp-json\/wp\/v2\/pages\/24\/revisions\/175"}],"wp:attachment":[{"href":"https:\/\/lucie.rain-avocat.com\/index.php\/wp-json\/wp\/v2\/media?parent=24"}],"curies":[{"name":"wp","href":"https:\/\/api.w.org\/{rel}","templated":true}]}}